{"id":2,"date":"2014-10-21T11:29:57","date_gmt":"2014-10-21T11:29:57","guid":{"rendered":"http:\/\/www.uwe-a-seidel.de\/cgro\/?page_id=2"},"modified":"2021-12-09T13:54:36","modified_gmt":"2021-12-09T11:54:36","slug":"beispiel-seite","status":"publish","type":"page","link":"http:\/\/www.cgro.de\/","title":{"rendered":"Herzlich willkommen!"},"content":{"rendered":"<p>Auf dieser Website werden im Laufe der Zeit Materialien aufbereitet zur Verf\u00fcgung gestellt werden, die auch in anderen christlichen Gemeinden und Gruppen verwendet werden k\u00f6nnen: von Predigtentw\u00fcrfen \u00fcber Kommentare und Stellungnahmen bis hin zu\u00a0Freizeitprogrammen. Zugang \u00fcber Account. Kommentarfunktion ist abgeschaltet.<\/p>\n<p>Alle Daten dieses Archivs\u00a0entstanden durch\u00a0\u00a0Aktivit\u00e4ten der Christlichen Gemeinde Rosenheim, wie:<\/p>\n<ul>\n<li>Sonntagspredigten (Sermonothek)<\/li>\n<li>Bibelstunden<\/li>\n<li>GGD G\u00e4stegottesdienste<\/li>\n<li>GBS Gemeindebibelschule<\/li>\n<li>GGP Gemeindegesangspflege<\/li>\n<li>MBA M\u00e4nnerBibelAbend<\/li>\n<li>RoBiTa Rosenheimer Bibeltag (1. Mai im KuKo; <a href=\"http:\/\/www.robita.de\" target=\"_blank\" rel=\"noopener\">RoBiTa-Website<\/a>)<\/li>\n<li>SBS Samstag-Bibel-Seminar (extern)<\/li>\n<\/ul>\n<p>Die Betreiber der Website \u00fcbernehmen keine Haftung oder Garantien\u00a0f\u00fcr\u00a0die Richtigkeit, Vollst\u00e4ndigkeit oder sonstige Tauglichkeit des Materials. <em>&#8222;Pr\u00fcfet alles, das Gute behaltet! Von jeder Art des B\u00f6sen haltet euch fern!&#8220;\u00a0<\/em>(1Thessalonicher 5:21-22)<\/p>\n","protected":false},"excerpt":{"rendered":"<p>Auf dieser Website werden im Laufe der Zeit Materialien aufbereitet zur Verf\u00fcgung gestellt werden, die auch in anderen christlichen Gemeinden und Gruppen verwendet werden k\u00f6nnen: von Predigtentw\u00fcrfen \u00fcber Kommentare und Stellungnahmen bis hin zu\u00a0Freizeitprogrammen. Zugang \u00fcber Account. Kommentarfunktion ist abgeschaltet. Alle Daten dieses Archivs\u00a0entstanden durch\u00a0\u00a0Aktivit\u00e4ten der Christlichen Gemeinde Rosenheim, wie: Sonntagspredigten (Sermonothek) Bibelstunden GGD G\u00e4stegottesdienste &hellip; <a href=\"http:\/\/www.cgro.de\/\" class=\"more-link\"><span class=\"screen-reader-text\">Herzlich willkommen!<\/span> weiterlesen <span class=\"meta-nav\">&rarr;<\/span><\/a><\/p>\n","protected":false},"author":1,"featured_media":0,"parent":0,"menu_order":0,"comment_status":"open","ping_status":"open","template":"","meta":{"_exactmetrics_skip_tracking":false,"_exactmetrics_sitenote_active":false,"_exactmetrics_sitenote_note":"","_exactmetrics_sitenote_category":0,"footnotes":""},"_links":{"self":[{"href":"http:\/\/www.cgro.de\/index.php?rest_route=\/wp\/v2\/pages\/2"}],"collection":[{"href":"http:\/\/www.cgro.de\/index.php?rest_route=\/wp\/v2\/pages"}],"about":[{"href":"http:\/\/www.cgro.de\/index.php?rest_route=\/wp\/v2\/types\/page"}],"author":[{"embeddable":true,"href":"http:\/\/www.cgro.de\/index.php?rest_route=\/wp\/v2\/users\/1"}],"replies":[{"embeddable":true,"href":"http:\/\/www.cgro.de\/index.php?rest_route=%2Fwp%2Fv2%2Fcomments&post=2"}],"version-history":[{"count":5,"href":"http:\/\/www.cgro.de\/index.php?rest_route=\/wp\/v2\/pages\/2\/revisions"}],"predecessor-version":[{"id":50,"href":"http:\/\/www.cgro.de\/index.php?rest_route=\/wp\/v2\/pages\/2\/revisions\/50"}],"wp:attachment":[{"href":"http:\/\/www.cgro.de\/index.php?rest_route=%2Fwp%2Fv2%2Fmedia&parent=2"}],"curies":[{"name":"wp","href":"https:\/\/api.w.org\/{rel}","templated":true}]}}