{"id":28,"date":"2018-05-04T20:24:26","date_gmt":"2018-05-04T18:24:26","guid":{"rendered":"http:\/\/www.cgro.de\/?page_id=28"},"modified":"2021-12-09T13:35:50","modified_gmt":"2021-12-09T11:35:50","slug":"impressum","status":"publish","type":"page","link":"http:\/\/www.cgro.de\/?page_id=28","title":{"rendered":"Impressum"},"content":{"rendered":"<p><a href=\"http:\/\/www.cgro.de\/wp-content\/uploads\/2018\/05\/connect_470x140.png\"><img loading=\"lazy\" decoding=\"async\" class=\"alignnone size-medium wp-image-29\" src=\"http:\/\/www.cgro.de\/wp-content\/uploads\/2018\/05\/connect_470x140-300x89.png\" alt=\"\" width=\"300\" height=\"89\" srcset=\"http:\/\/www.cgro.de\/wp-content\/uploads\/2018\/05\/connect_470x140-300x89.png 300w, http:\/\/www.cgro.de\/wp-content\/uploads\/2018\/05\/connect_470x140.png 470w\" sizes=\"(max-width: 300px) 100vw, 300px\" \/><\/a><\/p>\n<p style=\"font-size: 2em;\"><strong>CGRO.DE<\/strong> | <strong>C<\/strong>hristliche <strong>G<\/strong>emeinde <strong>RO<\/strong>senheim<\/p>\n<p>Eine Initiative des ehemaligen Vereins &#8222;Die Frohe Botschaft Rosenheimer Land e.V.&#8220;<br \/>\n<strong>Kontakt:<\/strong> webmaster@cgro.de<\/p>\n<h4>Prinzip und Garantie<\/h4>\n<p>Jesus Christus hat gesagt: <i>\u201cUmsonst habt ihr es empfangen, umsonst gebt es.\u201c<\/i> (Mt 10:8b). Wir werben daher mit dieser Website keine Mitglieder und fordern kein Geld. Alle Kosten werden aus freiwilligen Spenden und Beitr\u00e4gen bestritten. Die Websiten-Betreiber sind engagierte Christen im Rosenheimer Land, die den historischen christlichen Glauben (kurz umrissen zum Beispiel im \u201e<a href=\"https:\/\/de.wikipedia.org\/wiki\/Apostolisches_Glaubensbekenntnis\" target=\"_blank\" rel=\"noopener\">Apostolisches Glaubenbekenntnis<\/a>\u201c) bekennen und leben wollen und daher keiner Sekte angeh\u00f6ren.<\/p>\n<h4>Disclaimer f\u00fcr Website und Links<\/h4>\n<p>Dies ist eine nichtkommerzielle Website. Bei direkten oder indirekten Verweisen auf fremde Internetseiten (\u201eLinks\u201c), die au\u00dferhalb des Verantwortungsbereiches des Autors liegen, w\u00fcrde eine Haftungsverpflichtung ausschlie\u00dflich in dem Fall in Kraft treten, in dem der Autor von den Inhalten Kenntnis hat und es ihm technisch m\u00f6glich und zumutbar w\u00e4re, die Nutzung im Falle rechtswidriger Inhalte zu verhindern. Der Autor erkl\u00e4rt hiermit ausdr\u00fccklich, dass zum Zeitpunkt der Linksetzung keine illegalen Inhalte auf den zu verlinkenden Seiten erkennbar waren. Auf die aktuelle und zuk\u00fcnftige Gestaltung, die Inhalte oder die Urheberschaft der mit Link verkn\u00fcpften Seiten hat der Autor keinerlei Einfluss. Deshalb distanziert er sich hiermit ausdr\u00fccklich von allen Inhalten aller mit Link verkn\u00fcpften Seiten, die nach der Linksetzung ver\u00e4ndert wurden. F\u00fcr illegale, fehlerhafte oder unvollst\u00e4ndige Inhalte und insbesondere f\u00fcr Sch\u00e4den, die aus der Nutzung oder Nichtnutzung solcherart dargebotener Informationen entstehen, haftet allein der Anbieter der Seite, auf welche verwiesen wurde, nicht derjenige, der \u00fcber Links auf die jeweilige Ver\u00f6ffentlichung lediglich verweist. Jedwede Probleme und Rechtsm\u00e4ngel sind nicht Absicht des Betreibers und sollten diesem umgehend mitgeteilt werden, damit Abhilfe geschaffen werden kann.<\/p>\n<h4>Datenschutzerkl\u00e4rung<\/h4>\n<p>Diese Datenschutzerkl\u00e4rung kl\u00e4rt Sie \u00fcber die Art, den Umfang und Zweck der Verarbeitung von personenbezogenen Daten (nachfolgend kurz \u201eDaten\u201c) innerhalb unseres Onlineangebotes und der mit ihm verbundenen Webseiten, Funktionen und Inhalte sowie externen Onlinepr\u00e4senzen auf (nachfolgend gemeinsam bezeichnet als \u201eOnlineangebot\u201c). Im Hinblick auf die verwendeten Begrifflichkeiten, wie z.B. \u201eVerarbeitung\u201c oder \u201eVerantwortlicher\u201c verweisen wir auf die Definitionen im Art. 4 der Datenschutzgrundverordnung (DSGVO).<\/p>\n<h5>Hosting<\/h5>\n<p>Die von uns in Anspruch genommenen Hosting-Leistungen dienen der Zurverf\u00fcgungstellung der folgenden Leistungen: Infrastruktur- und Plattformdienstleistungen, Rechenkapazit\u00e4t, Speicherplatz und Datenbankdienste, Sicherheitsleistungen sowie technische Wartungsleistungen, die wir zum Zwecke des Betriebs dieses Onlineangebotes einsetzen.<br \/>\nHierbei verarbeiten wir, bzw. unser Hostinganbieter Bestandsdaten, Kontaktdaten, Inhaltsdaten, Vertragsdaten, Nutzungsdaten, Meta- und Kommunikationsdaten von Kunden, Interessenten und Besuchern dieses Onlineangebotes auf Grundlage unserer berechtigten Interessen an einer effizienten und sicheren Zurverf\u00fcgungstellung dieses Onlineangebotes gem. Art. 6 Abs. 1 lit. f DSGVO i.V.m. Art. 28 DSGVO (Abschluss Auftragsverarbeitungsvertrag).<\/p>\n<h5>Erhebung von Zugriffsdaten und Logfiles<\/h5>\n<p>Wir, bzw. unser Hostinganbieter, erhebt auf Grundlage unserer berechtigten Interessen im Sinne des Art. 6 Abs. 1 lit. f. DSGVO Daten \u00fcber jeden Zugriff auf den Server, auf dem sich dieser Dienst befindet (sogenannte Serverlogfiles). Zu den Zugriffsdaten geh\u00f6ren Name der abgerufenen Webseite, Datei, Datum und Uhrzeit des Abrufs, \u00fcbertragene Datenmenge, Meldung \u00fcber erfolgreichen Abruf, Browsertyp nebst Version, das Betriebssystem des Nutzers, Referrer URL (die zuvor besuchte Seite), IP-Adresse und der anfragende Provider.<br \/>\nLogfile-Informationen werden aus Sicherheitsgr\u00fcnden (z.B. zur Aufkl\u00e4rung von Missbrauchs- oder Betrugshandlungen) f\u00fcr die Dauer von maximal 14 Tagen gespeichert und danach gel\u00f6scht. Daten, deren weitere Aufbewahrung zu Beweiszwecken erforderlich ist, sind bis zur endg\u00fcltigen Kl\u00e4rung des jeweiligen Vorfalls von der L\u00f6schung ausgenommen.<\/p>\n<h5>Akismet Anti-Spam-Pr\u00fcfung<\/h5>\n<p>Unser Onlineangebot nutzt den Dienst \u201eAkismet\u201c, der von der Automattic, Inc. 132 Hawthorne Street San Francisco, CA 94107, USA, angeboten wird. Die Nutzung erfolgt auf Grundlage unserer berechtigten Interessen im Sinne des Art. 6 Abs. 1 lit. f) DSGVO. Mit Hilfe dieses Dienstes werden Kommentare echter Menschen von Spam-Kommentaren unterschieden. Dazu werden alle Kommentarangaben an einen Server in den USA verschickt, wo sie analysiert und f\u00fcr Vergleichszwecke vier Tage lang gespeichert werden. Ist ein Kommentar als Spam eingestuft worden, werden die Daten \u00fcber diese Zeit hinaus gespeichert. Zu diesen Angaben geh\u00f6ren der eingegebene Name, die Emailadresse, die IP-Adresse, der Kommentarinhalt, der Referrer, Angaben zum verwendeten Browser sowie dem Computersystem und die Zeit des Eintrags. Automattic ist unter dem Privacy-Shield-Abkommen zertifiziert und bietet hierdurch eine Garantie, das europ\u00e4ische Datenschutzrecht einzuhalten (https:\/\/www.privacyshield.gov\/participant?id=a2zt0000000CbqcAAC&amp;status=Active). N\u00e4here Informationen zur Erhebung und Nutzung der Daten durch Akismet finden sich in den Datenschutzhinweisen von Automattic: https:\/\/automattic.com\/privacy\/. Nutzer k\u00f6nnen gerne Pseudonyme nutzen, oder auf die Eingabe des Namens oder der Emailadresse verzichten. Sie k\u00f6nnen die \u00dcbertragung der Daten komplett verhindern, indem Sie unser Kommentarsystem nicht nutzen. Das w\u00e4re schade, aber leider sehen wir sonst keine Alternativen, die ebenso effektiv arbeiten.<\/p>\n<h5>Jetpack (WordPress Stats)<\/h5>\n<p>Wir nutzen auf Grundlage unserer berechtigten Interessen (d.h. Interesse an der Analyse und Optimierung unseres Onlineangebotes) das Plugin Jetpack (hier die Unterfunktion \u201eWordpress Stats\u201c), welches ein Tool zur statistischen Auswertung der Besucherzugriffe einbindet und von Automattic, Inc. 132 Hawthorne Street San Francisco, CA 94107, USA. Jetpack verwendet sog. \u201eCookies\u201c, Textdateien, die auf Ihrem Computer gespeichert werden und die eine Analyse der Benutzung der Website durch Sie erm\u00f6glichen.<br \/>\nAutomattic ist unter dem Privacy-Shield-Abkommen zertifiziert und bietet hierdurch eine Garantie, das europ\u00e4ische Datenschutzrecht einzuhalten (https:\/\/www.privacyshield.gov\/participant?id=a2zt0000000CbqcAAC&amp;status=Active).<br \/>\nDie durch das Cookie erzeugten Informationen \u00fcber Ihre Benutzung dieses Onlineangebotes werden auf einem Server in den USA gespeichert. Dabei k\u00f6nnen aus den verarbeiteten Daten Nutzungsprofile der Nutzer erstellt werden, wobei diese nur zu Analyse- und nicht zu Werbezwecken eingesetzt werden. Weitere Informationen erhalten Sie in den Datenschutzerkl\u00e4rungen von Automattic: https:\/\/automattic.com\/privacy\/ und Hinweisen zu Jetpack-Cookies: https:\/\/jetpack.com\/support\/cookies\/.<\/p>\n<h5>Google Analytics<\/h5>\n<p>Wir setzen auf Grundlage unserer berechtigten Interessen (d.h. Interesse an der Analyse und Optimierung unseres Onlineangebotes) Google Analytics, einen Webanalysedienst der Google LLC (\u201eGoogle\u201c) ein. Google verwendet Cookies. Die durch das Cookie erzeugten Informationen \u00fcber Benutzung des Onlineangebotes durch die Nutzer werden in der Regel an einen Server von Google in den USA \u00fcbertragen und dort gespeichert. Google ist unter dem Privacy-Shield-Abkommen zertifiziert und bietet hierdurch eine Garantie, das europ\u00e4ische Datenschutzrecht einzuhalten (https:\/\/www.privacyshield.gov\/participant?id=a2zt000000001L5AAI&amp;status=Active). Google wird diese Informationen in unserem Auftrag benutzen, um die Nutzung unseres Onlineangebotes durch die Nutzer auszuwerten, um Reports \u00fcber die Aktivit\u00e4ten innerhalb dieses Onlineangebotes zusammenzustellen und um weitere, mit der Nutzung dieses Onlineangebotes und der Internetnutzung verbundene Dienstleistungen, uns gegen\u00fcber zu erbringen. Dabei k\u00f6nnen aus den verarbeiteten Daten pseudonyme Nutzungsprofile der Nutzer erstellt werden. Wir setzen Google Analytics nur mit aktivierter IP-Anonymisierung ein. Das bedeutet, die IP-Adresse der Nutzer wird von Google innerhalb von Mitgliedstaaten der Europ\u00e4ischen Union oder in anderen Vertragsstaaten des Abkommens \u00fcber den Europ\u00e4ischen Wirtschaftsraum gek\u00fcrzt. Nur in Ausnahmef\u00e4llen wird die volle IP-Adresse an einen Server von Google in den USA \u00fcbertragen und dort gek\u00fcrzt. Die von dem Browser des Nutzers \u00fcbermittelte IP-Adresse wird nicht mit anderen Daten von Google zusammengef\u00fchrt. Die Nutzer k\u00f6nnen die Speicherung der Cookies durch eine entsprechende Einstellung ihrer Browser-Software verhindern; die Nutzer k\u00f6nnen dar\u00fcber hinaus die Erfassung der durch das Cookie erzeugten und auf ihre Nutzung des Onlineangebotes bezogenen Daten an Google sowie die Verarbeitung dieser Daten durch Google verhindern, indem sie das unter folgendem Link verf\u00fcgbare Browser-Plugin herunterladen und installieren: http:\/\/tools.google.com\/dlpage\/gaoptout?hl=de. Weitere Informationen zur Datennutzung durch Google, Einstellungs- und Widerspruchsm\u00f6glichkeiten erfahren Sie auf den Webseiten von Google: https:\/\/www.google.com\/intl\/de\/policies\/privacy\/partners (\u201eDatennutzung durch Google bei Ihrer Nutzung von Websites oder Apps unserer Partner\u201c), http:\/\/www.google.com\/policies\/technologies\/ads (\u201eDatennutzung zu Werbezwecken\u201c), http:\/\/www.google.de\/settings\/ads (\u201eInformationen verwalten, die Google verwendet, um Ihnen Werbung einzublenden\u201c).<\/p>\n<h5>Google Fonts<\/h5>\n<p>Wir binden die Schriftarten (\u201eGoogle Fonts\u201c) des Anbieters Google LLC, 1600 Amphitheatre Parkway, Mountain View, CA 94043, USA, ein. Datenschutzerkl\u00e4rung: https:\/\/www.google.com\/policies\/privacy\/, Opt-Out: https:\/\/adssettings.google.com\/authenticated.<\/p>\n<p><a class=\"\u201cdsg1-5\u2033\" href=\"\u201chttps:\/\/datenschutz-generator.de\u201c\">Erstellt mit Datenschutz-Generator.de von RA Dr. Thomas Schwenke<\/a>.<br \/>\nAngepasst durch Websiteinhaber.<\/p>\n","protected":false},"excerpt":{"rendered":"<p>CGRO.DE | Christliche Gemeinde ROsenheim Eine Initiative des ehemaligen Vereins &#8222;Die Frohe Botschaft Rosenheimer Land e.V.&#8220; Kontakt: webmaster@cgro.de Prinzip und Garantie Jesus Christus hat gesagt: \u201cUmsonst habt ihr es empfangen, umsonst gebt es.\u201c (Mt 10:8b). Wir werben daher mit dieser Website keine Mitglieder und fordern kein Geld. Alle Kosten werden aus freiwilligen Spenden und Beitr\u00e4gen &hellip; <a href=\"http:\/\/www.cgro.de\/?page_id=28\" class=\"more-link\"><span class=\"screen-reader-text\">Impressum<\/span> weiterlesen <span class=\"meta-nav\">&rarr;<\/span><\/a><\/p>\n","protected":false},"author":1,"featured_media":0,"parent":0,"menu_order":0,"comment_status":"closed","ping_status":"closed","template":"","meta":{"_exactmetrics_skip_tracking":false,"_exactmetrics_sitenote_active":false,"_exactmetrics_sitenote_note":"","_exactmetrics_sitenote_category":0,"footnotes":""},"_links":{"self":[{"href":"http:\/\/www.cgro.de\/index.php?rest_route=\/wp\/v2\/pages\/28"}],"collection":[{"href":"http:\/\/www.cgro.de\/index.php?rest_route=\/wp\/v2\/pages"}],"about":[{"href":"http:\/\/www.cgro.de\/index.php?rest_route=\/wp\/v2\/types\/page"}],"author":[{"embeddable":true,"href":"http:\/\/www.cgro.de\/index.php?rest_route=\/wp\/v2\/users\/1"}],"replies":[{"embeddable":true,"href":"http:\/\/www.cgro.de\/index.php?rest_route=%2Fwp%2Fv2%2Fcomments&post=28"}],"version-history":[{"count":9,"href":"http:\/\/www.cgro.de\/index.php?rest_route=\/wp\/v2\/pages\/28\/revisions"}],"predecessor-version":[{"id":44,"href":"http:\/\/www.cgro.de\/index.php?rest_route=\/wp\/v2\/pages\/28\/revisions\/44"}],"wp:attachment":[{"href":"http:\/\/www.cgro.de\/index.php?rest_route=%2Fwp%2Fv2%2Fmedia&parent=28"}],"curies":[{"name":"wp","href":"https:\/\/api.w.org\/{rel}","templated":true}]}}